{"id":5507,"date":"2022-05-08T11:44:18","date_gmt":"2022-05-08T11:44:18","guid":{"rendered":"https:\/\/highwaystg.wpengine.com\/highway-certificate-program-cancelation\/"},"modified":"2022-05-08T12:10:54","modified_gmt":"2022-05-08T12:10:54","slug":"highway-certificate-program-cancelation","status":"publish","type":"page","link":"https:\/\/www.highwaytoenglish.com\/de\/highway-certificate-program-cancelation\/","title":{"rendered":"Highway Certificate Program &#8211; Cancelation"},"content":{"rendered":"<h2>GESCH\u00c4FTSBEDINGUNGEN \u2013 ETEACHER<\/h2>\n<p><strong>K\u00fcndigung<\/strong><br \/>\nDie Kapazit\u00e4t virtueller Klassenzimmer ist wie die anderer Klassenzimmer begrenzt. Die Nachfrage nach unseren Kursen ist sehr hoch und eine sp\u00e4te K\u00fcndigung kann andere Studierende daran hindern, einen Platz im kommenden Semester zu erhalten.<\/p>\n<p>Studierenden, die ihre Teilnahme an einem Kursprogramm (vorzeitig) beenden, steht eine teilweise Erstattung der Gesamtstudiengeb\u00fchr f\u00fcr das Programm zu. Dabei gelten folgende Richtlinien:<\/p>\n<ul>\n<li>R\u00fcckerstattung ist bis zu 7 Tagen nach Anmeldung m\u00f6glich.<\/li>\n<li>Bei K\u00fcndigung innerhalb von maximal 2 Wochen ab dem Datum der Registrierung erhalten Sie eine R\u00fcckerstattung von 90 % (bzw. 10 % Nutzung der Gesamtstudiengeb\u00fchr des Programms).<\/li>\n<li>Bei K\u00fcndigung innerhalb von maximal 3 Monaten ab dem Datum der Registrierung erhalten Sie eine R\u00fcckerstattung von 70 % (bzw. 30 % Nutzung der Gesamtstudiengeb\u00fchr des Programms).<\/li>\n<li>Bei K\u00fcndigung innerhalb von maximal 3 Monaten ab dem Datum der Registrierung wird eine anteilige R\u00fcckerstattung auf Grundlage des Zeitanteils der Gesamtdauer des Programms berechnet. In diesem Fall wurden nicht weniger als 30 % der Studiengeb\u00fchr des Gesamtprogramms genutzt.<\/li>\n<li>Beispiel: Bei der K\u00fcndigung eines 18-monatigen Programms innerhalb von 6 Monaten nach dem Datum der Registrierung wurden 33 % der Studiengeb\u00fchr des Programms genutzt.<\/li>\n<li>Keine R\u00fcckerstattung erhalten Studierende, die ihre K\u00fcndigung sp\u00e4ter als 9 Monate ab dem Datum der Registrierung einreichen (Oder Nutzung von 100 % der Studiengeb\u00fchr des Programms).<\/li>\n<\/ul>\n<p>Diejenigen, die sich von einem Kurs abmelden, erhalten ausschlie\u00dflich nur die oben aufgef\u00fchrten R\u00fcckzahlungen. Entscheidet sich eTeacher f\u00fcr die Beendigung eines Kurses (eine derartige Entscheidung liegt allein im Ermessen des Managements), wird den angemeldeten Personen ihr Geld komplett zur\u00fcckerstattet.<\/p>\n<p><strong>Verlegung und Zug\u00e4nglichkeit von Privatstunden<\/strong><br \/>\nWWenn Sie eine Privatstunde verlegen m\u00f6chten, geben Sie Ihrem Lehrer oder der Kundendienstabteilung von eTeacher (\u202fservice@eteachergroup.com\u202f) bitte mindestens 12 Stunden vor der geplanten Stunde Bescheid. Werden Stunden ohne vorhergehende Information nicht wahrgenommen, so werden diese von der Gesamtanzahl der von diesem Sch\u00fcler gebuchten Stunden abgezogen.<br \/>\nDas Privatstundenpaket gilt verbindlich f\u00fcr bis zu ein Jahr ab dem Tag der ersten, durch den Sch\u00fcler wahrgenommenen Stunde.<\/p>\n<p><span data-contrast=\"none\">\u202f<\/span><span data-ccp-props=\"{&quot;201341983&quot;:2,&quot;335559739&quot;:300,&quot;335559740&quot;:450}\">\u00a0<\/span><\/p>\n<table data-tablestyle=\"MsoNormalTable\" data-tablelook=\"1184\" aria-rowcount=\"5\">\n<tbody>\n<tr aria-rowindex=\"1\">\n<td colspan=\"2\" data-celllook=\"65536\"><b><span data-contrast=\"none\">Ablaufsdatum des PL-Pakets<\/span><\/b><span data-ccp-props=\"{&quot;201341983&quot;:0,&quot;335559740&quot;:240}\">\u00a0<\/span><\/td>\n<\/tr>\n<tr aria-rowindex=\"2\">\n<td data-celllook=\"65536\"><span data-contrast=\"none\">\u202fNutzungsdauer<\/span><span data-ccp-props=\"{&quot;201341983&quot;:0,&quot;335559740&quot;:240}\">\u00a0<\/span><\/td>\n<td data-celllook=\"65536\"><span data-contrast=\"none\">Gr\u00f6\u00dfe des gekauften Pakets<\/span><span data-ccp-props=\"{&quot;201341983&quot;:0,&quot;335559740&quot;:240}\">\u00a0<\/span><\/td>\n<\/tr>\n<tr aria-rowindex=\"3\">\n<td data-celllook=\"65536\"><span data-contrast=\"none\">12 Monate<\/span><span data-ccp-props=\"{&quot;201341983&quot;:0,&quot;335559740&quot;:240}\">\u00a0<\/span><\/td>\n<td data-celllook=\"65536\"><span data-contrast=\"none\">0-50<\/span><span data-ccp-props=\"{&quot;201341983&quot;:0,&quot;335559740&quot;:240}\">\u00a0<\/span><\/td>\n<\/tr>\n<tr aria-rowindex=\"4\">\n<td data-celllook=\"65536\"><span data-contrast=\"none\">18 Monate<\/span><span data-ccp-props=\"{&quot;201341983&quot;:0,&quot;335559740&quot;:240}\">\u00a0<\/span><\/td>\n<td data-celllook=\"65536\"><span data-contrast=\"none\">51-100<\/span><span data-ccp-props=\"{&quot;201341983&quot;:0,&quot;335559740&quot;:240}\">\u00a0<\/span><\/td>\n<\/tr>\n<tr aria-rowindex=\"5\">\n<td data-celllook=\"65536\"><span data-contrast=\"none\">24 Monate<\/span><span data-ccp-props=\"{&quot;201341983&quot;:0,&quot;335559740&quot;:240}\">\u00a0<\/span><\/td>\n<td data-celllook=\"65536\"><span data-contrast=\"none\">101+<\/span><span data-ccp-props=\"{&quot;201341983&quot;:0,&quot;335559740&quot;:240}\">\u00a0<\/span><\/td>\n<\/tr>\n<\/tbody>\n<\/table>\n<p><span data-contrast=\"none\">\u202f<\/span><span data-ccp-props=\"{&quot;201341983&quot;:2,&quot;335559739&quot;:300,&quot;335559740&quot;:450}\">\u00a0<\/span><\/p>\n<p><strong>ALLGEMEINES<\/strong><\/p>\n<p><strong>Ausr\u00fcstung<\/strong><br \/>\nDer eTeacher-Konzern \u00fcbernimmt keinerlei Verantwortung f\u00fcr die Ausr\u00fcstung der Sch\u00fcler (z.B. Computer, Modem und Lautsprecher). Mit anderen Worten sind Sie allein f\u00fcr den Zustand Ihrer pers\u00f6nlichen Ausr\u00fcstung sowie f\u00fcr die Durchf\u00fchrung der obligatorischen technischen \u00dcberpr\u00fcfungen verantwortlich.<\/p>\n<p><strong>Haftung<\/strong><br \/>\nDer eTeacher-Konzern erkl\u00e4rt hiermit, dass die Haftung des Unternehmens f\u00fcr eventuelle Schadenersatzanspr\u00fcche sich auf h\u00f6chstens die Summe bel\u00e4uft, die der Sch\u00fcler f\u00fcr den Kurs\/die Kurse bezahlt hat. Weiterhin ist der eTeacher-Konzern rechtlich nicht f\u00fcr jedwede indirekte Sch\u00e4den zu belangen.<\/p>\n<p><strong>KEINE GESETZWIDRIGE ODER VERBOTENE NUTZUNG<\/strong><\/p>\n<p>Sie d\u00fcrfen die Highway to English-Dienstleistungen f\u00fcr keinerlei gesetzwidrige Zwecke sowie f\u00fcr keine Zwecke nutzen, die durch geltende Gesetze oder die hier genannten Nutzungsbedingungen verboten sind. Ebenfalls untersagt ist eine Nutzung, die auf jegliche Weise die Highway to English-Server oder Netzwerke, die mit dem Highway to English-Server verbunden sind, sch\u00e4digen, deaktivieren, \u00fcberlasten oder auf sonstige Weise beeintr\u00e4chtigen k\u00f6nnte oder die Nutzung und die Freude anderer Personen an den Highway to English-Dienstleistungen st\u00f6ren k\u00f6nnte.<\/p>\n<p>Sie d\u00fcrfen auf keinerlei Weise versuchen, sich unerlaubten Zugang zu den Highway to English-Dienstleistungen oder Teilen davon oder den Computersystemen oder Netzwerken, die mit den Highway to English-Servern verbunden sind, zu verschaffen. Sie d\u00fcrfen keinerlei Materialien oder Informationen erlangen, die Ihnen nicht beabsichtigt von den Highway to English-Dienstleistungen zur Verf\u00fcgung gestellt werden.<\/p>\n<p><strong>URHEBERRECHT UND GENEHMIGUNGEN<\/strong><\/p>\n<p>Das Urheberrecht f\u00fcr alle Inhalte auf dieser Seite geh\u00f6rt Highway to English. Keine der Materialien auf dieser Seite d\u00fcrfen ohne unsere vorherige schriftliche Genehmigung vervielf\u00e4ltigt, gespeichert, ge\u00e4ndert oder auf andere Weise verteilt werden. Genehmigungsanfragen richten Sie bitte schriftlich an unseren Hauptsitz an der unten genannten Anschrift.<br \/>\nHighway to English LTD<\/p>\n<p><strong>LINKS<\/strong><br \/>\nDiese Website kann Links auf Drittanbieter-Websites enthalten. Highway to English haftet in keiner Weise f\u00fcr die Inhalte dieser Websites und empfiehlt oder unterst\u00fctzt zudem solche Websites oder die dort angebotenen Produkte oder Dienstleistungen nicht.<\/p>\n<p><strong>SPAM-E-MAILS<\/strong><\/p>\n<p>Highway to English w\u00fcrde nicht wieder gut zu machender Schaden entstehen, wenn Sie oder andere die Highway to English-Dienstleistungen oder Teile davon in Verbindung mit der \u00dcbertragung von Spam oder unerw\u00fcnschten E-Mails benutzen w\u00fcrden, die gegen die hier genannten Nutzungsbedingungen versto\u00dfen, und Highway to English ist berechtigt, eine Unterlassungsverf\u00fcgung gegen derartige \u00dcbertragungen zu erwirken (zus\u00e4tzlich zu allen anderen uns nach Recht und Gesetz zustehenden Rechtsbehelfen).<\/p>\n<p><strong>EXPORTGESETZE UND \u2013VORSCHRIFTEN<\/strong><\/p>\n<p>Sie erkennen an und stimmen zu, dass Material auf der Website bestimmten Exportgesetzen und \u2013vorschriften unterliegen kann. Die Verbreitung solchen Materials entgegen der geltenden Exportgesetze und\/oder \u2013vorschriften ist verboten. Sie stimmen zu, keine der Materialien auf der Website oder Produkte von dieser Seite zu erwerben, um sie direkt oder indirekt in L\u00e4nder zu versenden, \u00fcbertragen oder r\u00fcckzuexportieren, f\u00fcr die ein Exportverbot oder Embargo gilt, ebenso wenig wie an Staatsangeh\u00f6rige dieser L\u00e4nder.<\/p>\n<p><strong>HAFTUNGSAUSSCHLUSS<\/strong><\/p>\n<p>Diese Seite wird OHNE M\u00c4NGELGEW\u00c4HR und Garantien jeglicher Art angeboten. Highway to English schlie\u00dft s\u00e4mtliche stillschweigenden Garantien f\u00fcr die Marktg\u00e4ngigkeit und Eignung f\u00fcr einen bestimmten Zweck aus, sowie Gew\u00e4hrleistungen wegen Rechtsm\u00e4ngeln oder Garantien, dass keine Rechte Dritter verletzt werden.Highway to English haftet nicht f\u00fcr die Aktualit\u00e4t, Genauigkeit, Nichtverf\u00fcgbarkeit oder Unterbrechungen der Verf\u00fcgbarkeit, Viren oder andere Defekte auf der Seite oder ihrer Inhalte. Keineswegs haftet Highway to English f\u00fcr Sch\u00e4den, die Nutzern oder deren Computersystemen oder anderweitig entstehen, selbst wenn Highway to English \u00fcber die M\u00f6glichkeit solcher Sch\u00e4den informiert wurde und ohne Beachtung von Fahrl\u00e4ssigkeit.<\/p>\n<p><strong>haftungsbeschr\u00e4nkung<\/strong><br \/>\nOhne einschr\u00e4nkung alles vorgenannten erkennen sie hiermit an, dass das gesamte risiko, das aus der nutzung oder leistung der Highway to English-dienstleistungen und dieser website entsteht, bei ihnen liegt. dar\u00fcber hinaus sind Highway to English, seine verantwortlichen, f\u00fchrungskr\u00e4fte und\/oder mitarbeiter, soweit es das gesetz erlaubt, nicht haftbar f\u00fcr direkte, indirekte, konkrete, neben- oder folgesch\u00e4den, die sich aus der nutzung oder unm\u00f6glichkeit der nutzung der hebrewonline.com-dienstleistungen und dieser website ergeben, einschliesslich ohne einschr\u00e4nkung entgangene oder geringere gesch\u00e4ftseinnahmen, entgangene gewinne oder verlust des immateriellen firmenwerts und verlorene oder besch\u00e4digte daten oder dokumentation, die ihnen und\/oder anderen entit\u00e4ten und\/oder personen infolge von und\/oder in bezug auf\/in verbindung mit der nutzung der Highway to English-dienstleistungen und dieser website entstehen, selbst wenn Highway to English \u00fcber die m\u00f6glichkeit solcher sch\u00e4den informiert ist.<\/p>\n","protected":false},"excerpt":{"rendered":"<p>GESCH\u00c4FTSBEDINGUNGEN \u2013 ETEACHER K\u00fcndigung Die Kapazit\u00e4t virtueller Klassenzimmer ist wie die anderer Klassenzimmer begrenzt. Die Nachfrage nach unseren Kursen ist sehr hoch und eine sp\u00e4te K\u00fcndigung kann andere Studierende daran hindern, einen Platz im kommenden Semester zu erhalten. Studierenden, die ihre Teilnahme an einem Kursprogramm (vorzeitig) beenden, steht eine teilweise Erstattung der Gesamtstudiengeb\u00fchr f\u00fcr das &hellip; <a href=\"https:\/\/www.highwaytoenglish.com\/de\/highway-certificate-program-cancelation\/\">Continued<\/a><\/p>\n","protected":false},"author":18,"featured_media":0,"parent":0,"menu_order":0,"comment_status":"closed","ping_status":"closed","template":"","meta":{"_acf_changed":false,"inline_featured_image":false,"jetpack_post_was_ever_published":false,"footnotes":""},"class_list":["post-5507","page","type-page","status-publish","hentry"],"acf":[],"jetpack_sharing_enabled":true,"jetpack_shortlink":"https:\/\/wp.me\/P9ktSV-1qP","_links":{"self":[{"href":"https:\/\/www.highwaytoenglish.com\/de\/wp-json\/wp\/v2\/pages\/5507","targetHints":{"allow":["GET"]}}],"collection":[{"href":"https:\/\/www.highwaytoenglish.com\/de\/wp-json\/wp\/v2\/pages"}],"about":[{"href":"https:\/\/www.highwaytoenglish.com\/de\/wp-json\/wp\/v2\/types\/page"}],"author":[{"embeddable":true,"href":"https:\/\/www.highwaytoenglish.com\/de\/wp-json\/wp\/v2\/users\/18"}],"replies":[{"embeddable":true,"href":"https:\/\/www.highwaytoenglish.com\/de\/wp-json\/wp\/v2\/comments?post=5507"}],"version-history":[{"count":0,"href":"https:\/\/www.highwaytoenglish.com\/de\/wp-json\/wp\/v2\/pages\/5507\/revisions"}],"wp:attachment":[{"href":"https:\/\/www.highwaytoenglish.com\/de\/wp-json\/wp\/v2\/media?parent=5507"}],"curies":[{"name":"wp","href":"https:\/\/api.w.org\/{rel}","templated":true}]}}