{"id":1646,"date":"2015-07-16T14:20:27","date_gmt":"2015-07-16T14:20:27","guid":{"rendered":"https:\/\/highwaytoenglish.com\/es\/terms-of-use\/"},"modified":"2020-02-19T17:00:00","modified_gmt":"2020-02-19T17:00:00","slug":"terms-of-use","status":"publish","type":"page","link":"https:\/\/www.highwaytoenglish.com\/es\/terms-of-use\/","title":{"rendered":"TERMINOS DE USO"},"content":{"rendered":"<p>Los t\u00e9rminos de uso (\u00abT\u00e9rminos de Uso) establecen la base por la cual estas autorizado de acceder y usar la p\u00e1gina web y los servicios del (los servicios de \u00abEl Camino Real al Ingles\u00bb).<br \/>\nPor favor, lee cuidadosamente los t\u00e9rminos de uso antes de utilizar los servicios del Camino Real al Ingl\u00e9s. Al acceder y usar los servicios del Camino Real al Ingl\u00e9s de cualquier forma, incluso, sin limitaci\u00f3n, la navegaci\u00f3n en este sitio web, aceptas y estas comprometido por los t\u00e9rminos delineados en este documento. Si no aceptas todos los t\u00e9rminos y condiciones de este documento, no utiliza, ni accede al Camino Real al Ingl\u00e9s en ninguna forma. El Camino Real al Ingl\u00e9s S.A. (\u00abEl Camino Real al Ingl\u00e9s\u00bb) se reserva el derecho de actualizar esos T\u00e9rminos de Uso, en cualquier momento sin la necesidad de notificaci\u00f3n previa.<\/p>\n<p><strong class=\"uppercase\">T\u00e9rminos y condiciones &#8211; eTeacher<\/strong><\/p>\n<p><strong>Reembolsos en caso de cancelaci\u00f3n<\/strong><\/p>\n<p>\u00a1Queremos que se sienta satisfecho! Si tiene alg\u00fan problema con su curso, por favor contacte con nuestro equipo de atenci\u00f3n al cliente y br\u00edndenos la oportunidad de hacer las cosas bien.<\/p>\n<p>En caso de que haya decidido cancelar su participaci\u00f3n, tenga en cuenta que las aulas virtuales, como cualquier otra aula, tienen una capacidad limitada. La demanda de nuestras clases es alta y la cancelaci\u00f3n tard\u00eda impide que otros estudiantes obtengan una oportunidad en el pr\u00f3ximo semestre.<\/p>\n<p>Los estudiantes que deseen cancelar su participaci\u00f3n tienen derecho a un reembolso parcial como se ve a continuaci\u00f3n:<\/p>\n<ul>\n<li><strong>100% Reembolso (0% de la matr\u00edcula debe ser pagada)<\/strong>: Hasta 7 d\u00edas a partir de la fecha de su inscripci\u00f3n, a menos que su curso ya haya comenzado.<\/li>\n<\/ul>\n<ul>\n<li><strong>75% Reembolso (25% de la matr\u00edcula debe ser pagada)<\/strong>: Si cancela antes de su primera lecci\u00f3n programada.<\/li>\n<li><strong>25% Reembolso (75% de la matr\u00edcula debe ser pagada)<\/strong>: Hasta 30 d\u00edas despu\u00e9s de su primera lecci\u00f3n programada.<\/li>\n<li><strong>0% Reembolso (100% de la matr\u00edcula debe ser pagada)<\/strong>: Despu\u00e9s de haber pasado 30 d\u00edas de su primera lecci\u00f3n programada.<\/li>\n<\/ul>\n<p>Los reembolsos mencionados son los \u00fanicos que se har\u00e1n a quienes cancelen su participaci\u00f3n en un curso. En el caso de que HighwayToEnglish decida cancelar un curso (tal decisi\u00f3n queda totalmente a criterio de la administraci\u00f3n), los pagos de los alumnos ser\u00e1n reembolsados en su totalidad.<\/p>\n<p><strong>Reprogramaci\u00f3n y admisi\u00f3n a clases individuales<\/strong><br \/>\nSi desea re programar una clase individual, comun\u00edquese con su profesor o con el servicio de atenci\u00f3n al cliente de eTeacher (service@eteachergroup.com) por lo menos 12 horas antes de la clase programada. Las clases canceladas sin previa notificaci\u00f3n, ser\u00e1n descontadas del n\u00famero total de horas que le corresponden al alumno.<br \/>\nLos paquetes de clases individuales tienen vigencia hasta un a\u00f1o a partir de la primera clase tomada por el alumno.<\/p>\n<p>&nbsp;<\/p>\n<table style=\"height: 162px;\" width=\"553\">\n<tbody>\n<tr>\n<td colspan=\"2\" width=\"425\"><strong>Fecha de vencimiento para clases privadas<\/strong><\/td>\n<\/tr>\n<tr>\n<td width=\"274\">Caduca al fin de<\/td>\n<td width=\"151\">N\u00famero de clases<\/td>\n<\/tr>\n<tr>\n<td width=\"274\">meses12<\/td>\n<td width=\"151\">0-50<\/td>\n<\/tr>\n<tr>\n<td width=\"274\">meses 18<\/td>\n<td width=\"151\">51-100<\/td>\n<\/tr>\n<tr>\n<td width=\"274\">meses24<\/td>\n<td width=\"151\">101+<\/td>\n<\/tr>\n<\/tbody>\n<\/table>\n<p>&nbsp;<\/p>\n<p><strong class=\"uppercase\">General<\/strong><\/p>\n<p><strong>Equipo<\/strong><br \/>\nEl Grupo eTeacher no se responsabiliza por el equipo de los alumnos (ej. ordenador, m\u00f3dem y parlantes). En otras palabras, los alumnos son los \u00fanicos responsables por las condiciones de los equipos personales y por el mantenimiento t\u00e9cnico de los mismos.<\/p>\n<p><strong>Responsabilidad<\/strong><br \/>\nEl Grupo eTeacher declara por este medio que la responsabilidad de la empresa por cualquier reclamo de un alumno se limita a la suma pagada por el o los cursos. Adem\u00e1s, el Grupo eTeacher no se responsabiliza legalmente por ning\u00fan da\u00f1o indirecto.<\/p>\n<p><strong>USOS PROHIBIDOS E ILEGALES<\/strong><br \/>\nNo podr\u00e1s utilizar los servicios del Camino Real al Ingl\u00e9s para cualquier prop\u00f3sito que sea ilegal o prohibido por una ley pertinente o los t\u00e9rminos y condiciones del presente documento, o en cualquier otra manera que podr\u00eda da\u00f1ar, deshabilitar, sobrecargara o perjudicar el servidor o la (s) red(es) conectada(s) al servidor del Camino Real al Ingl\u00e9s, o interferir con el uso o disfrute de otra persona de los servicios del Camino Real al Ingl\u00e9s. No podr\u00e1s intentar un acceso no autorizado a los servicios del Camino Real al Ingl\u00e9s o cualquier segmento de ello, o los sistemas inform\u00e1ticos o redes conectadas a cualquier servidor del Camino Real al Ingl\u00e9s por cualquier medio. No podr\u00e1s obtener ning\u00fan material o informaci\u00f3n, por cualquier medio, que no han sido puestos a tu disposici\u00f3n intencionalmente por los servicios del Camino Real al Ingl\u00e9s.<\/p>\n<p><strong>DERECHOS DE AUTOR Y AUTORIZACIONES<\/strong><br \/>\nEl derecho de autor del contenido de este sitio pertenece al Camino Real al Ingl\u00e9s. Ning\u00fan material de este sitio puede ser reproducido, almacenado, alterado o redistribuido sin nuestra autorizaci\u00f3n previa por escrito. Las solicitudes de autorizaciones deben ser dirigidas por escrito a nuestra oficina matriz en la siguiente direcci\u00f3n. El Camino Real al Ingl\u00e9s S.A.<br \/>\n<strong>ENLACES<\/strong><br \/>\nEste sitio web puede incluir enlaces a sitios web de terceros. El Camino Real al Ingl\u00e9s no se hace responsable de ninguna manera por el contenido de dichos sitios web y, adem\u00e1s, no recomienda ni endorsa tales sitios web o los servicios que ofrecen en ellos.<\/p>\n<p><strong>CORREO SPAM<\/strong><br \/>\nLa transmisi\u00f3n, por tu parte y de terceros, de correo spam o correo electr\u00f3nico no solicitado, a trav\u00e9s de Servicios del Camino Real al Ingl\u00e9s, causara danos irreparables al Camino Real al Ingl\u00e9s y, es una violaci\u00f3n de los t\u00e9rminos y condiciones de uso del presente documento, por la cual El Camino Real al Ingl\u00e9s tiene derecho a una orden judicial mandataria en contra cualquier transmisi\u00f3n de este \u00edndole (as\u00ed como todas las dem\u00e1s recompensas estipuladas por la ley o en equidad).<br \/>\n<strong>LEYES Y REGLAMENTOS DE LA ADMINISTRACION DE EXPORTACIONES<\/strong><br \/>\nReconoces y aceptas que el material en este sitio web puede ser sujeto a ciertas leyes y regulaciones de exportaci\u00f3n. El desvi\u00f3 de tal material contrario al cualquier ley de exportaci\u00f3n y\/ o reglamento aplicables, est\u00e1 prohibida. Aceptas que ning\u00fan material en el sitio web, ni producto directo de ello, est\u00e1 siendo o ser\u00e1 adquirido, transportado, transferido, o re exportado, directamente e indirectamente, a pa\u00edses proscritos o embargados o a sus ciudadanos.<\/p>\n<p><strong>EXCENCION DE RESPONSABILIDAD<\/strong><br \/>\nEste sitio se ofrece AS IS (TAL COMO ESTA) y sin garant\u00edas de ninguna clase. El Camino Real al Ingl\u00e9s rechaza cualquier garant\u00eda impl\u00edcita de comercialidad e idoneidad a un prop\u00f3sito espec\u00edfico, as\u00ed como titularidad o no contravenci\u00f3n. El Camino Real al Ingl\u00e9s no se hace responsable por la puntualidad, precisi\u00f3n, indisponibilidad o interrupciones de la disponibilidad, virus u otras imperfecciones en el sitio o su contenido. El Camino Real al Ingl\u00e9s no se responsabiliza por cualquier da\u00f1o a los usuarios, sus sistemas inform\u00e1ticos o de lo contrario, incluso si El Camino Real al Ingl\u00e9s ha sido informado sobre la posibilidad de tales da\u00f1os y sin estar relacionado negligencia.<br \/>\n<strong>LIMITACION DE RESPONSABILIDAD<\/strong><br \/>\nSIN MENOSPRECIAR CUALQUIER OTRA COSA MENCIONADA EN EL PRESENTE DOCUMENTO, ACCEPTAS QUE TODO EL RIESGO QUE SURGE DEL USO O RENDIMIENTO DEL CAMINO REAL AL INGLES Y ESTE SITIO WEB, ES TUYO. MAS AUN, POR EL MAXIMO ALCANCE PERMITIDO POR LA LEY APLICABLE, EL CAMINO REAL AL INGLES, SU FUNCIONARIOS, DIRECTORES Y\/O EMPLEADOS, NO SERAN RESPONSABLES POR DA\u00d1OS DIRECTOS, INDIRECTOS, ESPECIALES, INCIDENTALES, O CONSECUENTES QUE SURGEN POR EL USO O LA INCAPACIDAD DE USAR LOS SERVICIOS DE HEBREWONLINE.COM Y, ESTE SITIO WEB, INCLUYENDO, PERO SIN LIMITACION A, CUALQUIER PERDIDA O DA\u00d1O DE GANACIAS COMERCIALES, PERDIDA DE BENEFICIOS O FONDO DE COMERCIO Y PERDIDA O DA\u00d1OS A DOCUMENTOS O INFORMACION, PADECIDOS POR TI Y\/O CUALQUIER ENTIDAD Y\/O PERSONA, DERIVADA DE Y\/O RELACIONADA\/ CONECTADA A CUALQUIER USO DE LOS SERVICIOS DEL CAMINO REAL AL INGLES Y ESTE SITIO WEB, INCLUSO SI DEL CAMINO REAL AL INGLES HA SIDO ADVERTIDO DE LA POSIBILIDAD DE TALES DA\u00d1OS.<\/p>\n","protected":false},"excerpt":{"rendered":"<p>Los t\u00e9rminos de uso (\u00abT\u00e9rminos de Uso) establecen la base por la cual estas autorizado de acceder y usar la p\u00e1gina web y los servicios del (los servicios de \u00abEl Camino Real al Ingles\u00bb). Por favor, lee cuidadosamente los t\u00e9rminos de uso antes de utilizar los servicios del Camino Real al Ingl\u00e9s. Al acceder y &hellip; <a href=\"https:\/\/www.highwaytoenglish.com\/es\/terms-of-use\/\">Continued<\/a><\/p>\n","protected":false},"author":18,"featured_media":109,"parent":0,"menu_order":0,"comment_status":"open","ping_status":"open","template":"","meta":{"_acf_changed":false,"inline_featured_image":false,"jetpack_post_was_ever_published":false,"footnotes":""},"class_list":["post-1646","page","type-page","status-publish","has-post-thumbnail","hentry"],"acf":[],"jetpack_sharing_enabled":true,"jetpack_shortlink":"https:\/\/wp.me\/P9ktSV-qy","_links":{"self":[{"href":"https:\/\/www.highwaytoenglish.com\/es\/wp-json\/wp\/v2\/pages\/1646","targetHints":{"allow":["GET"]}}],"collection":[{"href":"https:\/\/www.highwaytoenglish.com\/es\/wp-json\/wp\/v2\/pages"}],"about":[{"href":"https:\/\/www.highwaytoenglish.com\/es\/wp-json\/wp\/v2\/types\/page"}],"author":[{"embeddable":true,"href":"https:\/\/www.highwaytoenglish.com\/es\/wp-json\/wp\/v2\/users\/18"}],"replies":[{"embeddable":true,"href":"https:\/\/www.highwaytoenglish.com\/es\/wp-json\/wp\/v2\/comments?post=1646"}],"version-history":[{"count":0,"href":"https:\/\/www.highwaytoenglish.com\/es\/wp-json\/wp\/v2\/pages\/1646\/revisions"}],"wp:featuredmedia":[{"embeddable":true,"href":"https:\/\/www.highwaytoenglish.com\/es\/wp-json\/wp\/v2\/media\/109"}],"wp:attachment":[{"href":"https:\/\/www.highwaytoenglish.com\/es\/wp-json\/wp\/v2\/media?parent=1646"}],"curies":[{"name":"wp","href":"https:\/\/api.w.org\/{rel}","templated":true}]}}