{"id":5516,"date":"2022-05-08T11:44:18","date_gmt":"2022-05-08T11:44:18","guid":{"rendered":"https:\/\/highwaystg.wpengine.com\/highway-certificate-program-cancelation\/"},"modified":"2022-05-08T12:33:46","modified_gmt":"2022-05-08T12:33:46","slug":"highway-certificate-program-cancelation","status":"publish","type":"page","link":"https:\/\/www.highwaytoenglish.com\/es\/highway-certificate-program-cancelation\/","title":{"rendered":"Highway Certificate Program &#8211; Cancelation"},"content":{"rendered":"<h2>T\u00c9RMINOS Y CONDICIONES \u2013 ETEACHER<\/h2>\n<p><strong>Cancelaci\u00f3n<\/strong><br \/>\nLas clases virtuales, como toda otra aula, tienen una capacidad limitada. La demanda por nuestras clases es muy alta. La cancelaci\u00f3n tard\u00eda impide que otros estudiantes puedan tener su lugar en el semestre siguiente.<\/p>\n<p>Los alumnos que finalicen anticipadamente un curso tienen derecho a un reembolso parcial del total de la tarifa del curso seg\u00fan las siguientes condiciones:<\/p>\n<ul>\n<li>Hasta 7 d\u00edas a partir de la fecha de registraci\u00f3n podr\u00e1 recibir un reembolso complete.<\/li>\n<li>Un reembolso de 90%, si la cancelaci\u00f3n ocurre dentro de las 2 semanas despu\u00e9s de la fecha de inscripci\u00f3n (En caso de haber pagado menos de 10% del valor total del curso es nuestra competencia completar el pago del 10% del valor total del curso).<\/li>\n<li>Un reembolso de 70%, si la cancelaci\u00f3n ocurre dentro de los 3 meses despu\u00e9s de la fecha de inscripci\u00f3n (En caso de haber pagado menos de 30% del valor total del curso es nuestra competencia completar el pago del 30% del valor total del curso).<\/li>\n<li>En caso que hayan transcurrido 3 meses de la\u202f fecha de inscripci\u00f3n, un reembolso prorrateado ser\u00e1 calculado en base al porcentaje proporcional de participaci\u00f3n. Para entonces, el estudiante deber\u00eda haber cumplido por lo menos el 30% de la programaci\u00f3n. Por ejemplo, si ocurri\u00f3 cancelaci\u00f3n del programa de 18 meses despu\u00e9s de 6 meses de la fecha de inscripci\u00f3n, tendr\u00e1 que completarse el 33% del valor total del programa.<\/li>\n<li>No habr\u00e1 un reembolso a los que presentar\u00e1n su cancelaci\u00f3n despu\u00e9s de haber transcurridos m\u00e1s de 9 meses desde la fecha de inscripci\u00f3n (En caso de haber pagado menos de 100% del valor total del curso es nuestra competencia completar el pago del 100% del valor total del curso).<\/li>\n<\/ul>\n<p>S\u00f3lo los reembolsos arriba mencionados ser\u00e1n otorgados a aquellos alumnos que decidan cancelar sus clases. En el caso de que eTeacher decida cancelar un curso, (esta decisi\u00f3n depende totalmente de la gerencia), se reembolsar\u00e1 por completo el pago realizado por el alumno.<\/p>\n<p><strong>Reprogramaci\u00f3n y admisi\u00f3n a clases individuales<\/strong><br \/>\nSi desea re programar una clase individual, comun\u00edquese con su profesor o con el servicio de atenci\u00f3n al cliente de eTeacher (service@eteachergroup.com) por lo menos 12 horas antes de la clase programada. Las clases canceladas sin previa notificaci\u00f3n, ser\u00e1n descontadas del n\u00famero total de horas que le corresponden al alumno.<br \/>\nLos paquetes de clases individuales tienen vigencia hasta un a\u00f1o a partir de la primera clase tomada por el alumno.<\/p>\n<p><span data-ccp-props=\"{&quot;201341983&quot;:2,&quot;335559739&quot;:300,&quot;335559740&quot;:450}\">\u00a0<\/span><\/p>\n<table data-tablestyle=\"MsoNormalTable\" data-tablelook=\"1184\" aria-rowcount=\"5\">\n<tbody>\n<tr aria-rowindex=\"1\">\n<td colspan=\"2\" data-celllook=\"65536\"><b><span data-contrast=\"none\">Fecha de vencimiento para clases privadas<\/span><\/b><span data-ccp-props=\"{&quot;201341983&quot;:0,&quot;335559740&quot;:240}\">\u00a0<\/span><\/td>\n<\/tr>\n<tr aria-rowindex=\"2\">\n<td data-celllook=\"65536\"><span data-contrast=\"none\">Caduca al fin de<\/span><span data-ccp-props=\"{&quot;201341983&quot;:0,&quot;335559740&quot;:240}\">\u00a0<\/span><\/td>\n<td data-celllook=\"65536\"><span data-contrast=\"none\">N\u00famero de clases<\/span><span data-ccp-props=\"{&quot;201341983&quot;:0,&quot;335559740&quot;:240}\">\u00a0<\/span><\/td>\n<\/tr>\n<tr aria-rowindex=\"3\">\n<td data-celllook=\"65536\"><span data-contrast=\"none\">meses12<\/span><span data-ccp-props=\"{&quot;201341983&quot;:0,&quot;335559740&quot;:240}\">\u00a0<\/span><\/td>\n<td data-celllook=\"65536\"><span data-contrast=\"none\">0-50<\/span><span data-ccp-props=\"{&quot;201341983&quot;:0,&quot;335559740&quot;:240}\">\u00a0<\/span><\/td>\n<\/tr>\n<tr aria-rowindex=\"4\">\n<td data-celllook=\"65536\"><span data-contrast=\"none\">meses 18<\/span><span data-ccp-props=\"{&quot;201341983&quot;:0,&quot;335559740&quot;:240}\">\u00a0<\/span><\/td>\n<td data-celllook=\"65536\"><span data-contrast=\"none\">51-100<\/span><span data-ccp-props=\"{&quot;201341983&quot;:0,&quot;335559740&quot;:240}\">\u00a0<\/span><\/td>\n<\/tr>\n<tr aria-rowindex=\"5\">\n<td data-celllook=\"65536\"><span data-contrast=\"none\">meses24<\/span><span data-ccp-props=\"{&quot;201341983&quot;:0,&quot;335559740&quot;:240}\">\u00a0<\/span><\/td>\n<td data-celllook=\"65536\"><span data-contrast=\"none\">101+<\/span><span data-ccp-props=\"{&quot;201341983&quot;:0,&quot;335559740&quot;:240}\">\u00a0<\/span><\/td>\n<\/tr>\n<\/tbody>\n<\/table>\n<p><strong>GENERAL<\/strong><\/p>\n<p><strong>Equipo<\/strong><br \/>\nEl Grupo eTeacher no se responsabiliza por el equipo de los alumnos (ej. ordenador, m\u00f3dem y parlantes). En otras palabras, los alumnos son los \u00fanicos responsables por las condiciones de los equipos personales y por el mantenimiento t\u00e9cnico de los mismos.<\/p>\n<p><strong>Responsabilidad<\/strong><br \/>\nEl Grupo eTeacher declara por este medio que la responsabilidad de la empresa por cualquier reclamo de un alumno se limita a la suma pagada por el o los cursos. Adem\u00e1s, el Grupo eTeacher no se responsabiliza legalmente por ning\u00fan da\u00f1o indirecto.<\/p>\n<p><strong>USOS PROHIBIDOS E ILEGALES<\/strong><br \/>\nNo podr\u00e1s utilizar los servicios del Camino Real al Ingl\u00e9s para cualquier prop\u00f3sito que sea ilegal o prohibido por una ley pertinente o los t\u00e9rminos y condiciones del presente documento, o en cualquier otra manera que podr\u00eda da\u00f1ar, deshabilitar, sobrecargara o perjudicar el servidor o la (s) red(es) conectada(s) al servidor del Camino Real al Ingl\u00e9s, o interferir con el uso o disfrute de otra persona de los servicios del Camino Real al Ingl\u00e9s. No podr\u00e1s intentar un acceso no autorizado a los servicios del Camino Real al Ingl\u00e9s o cualquier segmento de ello, o los sistemas inform\u00e1ticos o redes conectadas a cualquier servidor del Camino Real al Ingl\u00e9s por cualquier medio. No podr\u00e1s obtener ning\u00fan material o informaci\u00f3n, por cualquier medio, que no han sido puestos a tu disposici\u00f3n intencionalmente por los servicios del Camino Real al Ingl\u00e9s.<\/p>\n<p><strong>DERECHOS DE AUTOR Y AUTORIZACIONES<\/strong><br \/>\nEl derecho de autor del contenido de este sitio pertenece al Camino Real al Ingl\u00e9s. Ning\u00fan material de este sitio puede ser reproducido, almacenado, alterado o redistribuido sin nuestra autorizaci\u00f3n previa por escrito. Las solicitudes de autorizaciones deben ser dirigidas por escrito a nuestra oficina matriz en la siguiente direcci\u00f3n. El Camino Real al Ingl\u00e9s S.A.<\/p>\n<p><strong>ENLACES<\/strong><br \/>\nEste sitio web puede incluir enlaces a sitios web de terceros. El Camino Real al Ingl\u00e9s no se hace responsable de ninguna manera por el contenido de dichos sitios web y, adem\u00e1s, no recomienda ni endorsa tales sitios web o los servicios que ofrecen en ellos.<\/p>\n<p><strong>CORREO SPAM<\/strong><br \/>\nLa transmisi\u00f3n, por tu parte y de terceros, de correo spam o correo electr\u00f3nico no solicitado, a trav\u00e9s de Servicios del Camino Real al Ingl\u00e9s, causara danos irreparables al Camino Real al Ingl\u00e9s y, es una violaci\u00f3n de los t\u00e9rminos y condiciones de uso del presente documento, por la cual El Camino Real al Ingl\u00e9s tiene derecho a una orden judicial mandataria en contra cualquier transmisi\u00f3n de este \u00edndole (as\u00ed como todas las dem\u00e1s recompensas estipuladas por la ley o en equidad).<\/p>\n<p><strong>LEYES Y REGLAMENTOS DE LA ADMINISTRACION DE EXPORTACIONES<\/strong><br \/>\nReconoces y aceptas que el material en este sitio web puede ser sujeto a ciertas leyes y regulaciones de exportaci\u00f3n. El desvi\u00f3 de tal material contrario al cualquier ley de exportaci\u00f3n y\/ o reglamento aplicables, est\u00e1 prohibida. Aceptas que ning\u00fan material en el sitio web, ni producto directo de ello, est\u00e1 siendo o ser\u00e1 adquirido, transportado, transferido, o re exportado, directamente e indirectamente, a pa\u00edses proscritos o embargados o a sus ciudadanos.<\/p>\n<p><strong>EXCENCION DE RESPONSABILIDAD<\/strong><br \/>\nEste sitio se ofrece AS IS (TAL COMO ESTA) y sin garant\u00edas de ninguna clase. El Camino Real al Ingl\u00e9s rechaza cualquier garant\u00eda impl\u00edcita de comercialidad e idoneidad a un prop\u00f3sito espec\u00edfico, as\u00ed como titularidad o no contravenci\u00f3n. El Camino Real al Ingl\u00e9s no se hace responsable por la puntualidad, precisi\u00f3n, indisponibilidad o interrupciones de la disponibilidad, virus u otras imperfecciones en el sitio o su contenido. El Camino Real al Ingl\u00e9s no se responsabiliza por cualquier da\u00f1o a los usuarios, sus sistemas inform\u00e1ticos o de lo contrario, incluso si El Camino Real al Ingl\u00e9s ha sido informado sobre la posibilidad de tales da\u00f1os y sin estar relacionado negligencia.<br \/>\nLimitacion de Responsabilidad<\/p>\n<p>Sin menospreciar cualquier otra cosa mencionada en el presente documento, acceptas que todo el riesgo que surge del uso o rendimiento del camino real al ingles y este sitio web, es tuyo. Mas aun, por el maximo alcance permitido por la ley aplicable, el camino real al ingles, su funcionarios, directores y\/o empleados, no seran responsables por da\u00f1os directos, indirectos, especiales, incidentales, o consecuentes que surgen por el uso o la incapacidad de usar los servicios de hebrewonline.com y, este sitio web, incluyendo, pero sin limitacion a, cualquier perdida o da\u00f1o de ganacias comerciales, perdida de beneficios o fondo de comercio y perdida o da\u00f1os a documentos o informacion, padecidos por ti y\/o cualquier entidad y\/o persona, derivada de y\/o relacionada\/ conectada a cualquier uso de los servicios del camino real al ingles y este sitio web, incluso si del camino real al ingles ha sido advertido de la posibilidad de tales da\u00f1os.<\/p>\n","protected":false},"excerpt":{"rendered":"<p>T\u00c9RMINOS Y CONDICIONES \u2013 ETEACHER Cancelaci\u00f3n Las clases virtuales, como toda otra aula, tienen una capacidad limitada. La demanda por nuestras clases es muy alta. La cancelaci\u00f3n tard\u00eda impide que otros estudiantes puedan tener su lugar en el semestre siguiente. Los alumnos que finalicen anticipadamente un curso tienen derecho a un reembolso parcial del total &hellip; <a href=\"https:\/\/www.highwaytoenglish.com\/es\/highway-certificate-program-cancelation\/\">Continued<\/a><\/p>\n","protected":false},"author":18,"featured_media":0,"parent":0,"menu_order":0,"comment_status":"closed","ping_status":"closed","template":"","meta":{"_acf_changed":false,"inline_featured_image":false,"jetpack_post_was_ever_published":false,"footnotes":""},"class_list":["post-5516","page","type-page","status-publish","hentry"],"acf":[],"jetpack_sharing_enabled":true,"jetpack_shortlink":"https:\/\/wp.me\/P9ktSV-1qY","_links":{"self":[{"href":"https:\/\/www.highwaytoenglish.com\/es\/wp-json\/wp\/v2\/pages\/5516","targetHints":{"allow":["GET"]}}],"collection":[{"href":"https:\/\/www.highwaytoenglish.com\/es\/wp-json\/wp\/v2\/pages"}],"about":[{"href":"https:\/\/www.highwaytoenglish.com\/es\/wp-json\/wp\/v2\/types\/page"}],"author":[{"embeddable":true,"href":"https:\/\/www.highwaytoenglish.com\/es\/wp-json\/wp\/v2\/users\/18"}],"replies":[{"embeddable":true,"href":"https:\/\/www.highwaytoenglish.com\/es\/wp-json\/wp\/v2\/comments?post=5516"}],"version-history":[{"count":0,"href":"https:\/\/www.highwaytoenglish.com\/es\/wp-json\/wp\/v2\/pages\/5516\/revisions"}],"wp:attachment":[{"href":"https:\/\/www.highwaytoenglish.com\/es\/wp-json\/wp\/v2\/media?parent=5516"}],"curies":[{"name":"wp","href":"https:\/\/api.w.org\/{rel}","templated":true}]}}