{"id":1673,"date":"2015-07-16T14:10:38","date_gmt":"2015-07-16T14:10:38","guid":{"rendered":"https:\/\/highwaytoenglish.com\/fr\/contact-us\/"},"modified":"2021-01-18T18:55:47","modified_gmt":"2021-01-18T18:55:47","slug":"contactez-nous","status":"publish","type":"page","link":"https:\/\/www.highwaytoenglish.com\/fr\/contactez-nous\/","title":{"rendered":"Contactez nous"},"content":{"rendered":"<h2>Inscriptions et Service Client\u00e8le:<\/h2>\n<p>Par t\u00e9l\u00e9phone<br \/>\nNum\u00e9ro sans frais \u00e0 partir des \u00c9tats-Unis\/Mondial:<a href=\"tel:\/\/16467129343\">16467129343<\/a><br \/>\nFrance: <a href=\"tel:\/\/33756798471\">33756798471<\/a><br \/>\nRussie: <a href=\"tel:\/\/2774%201012\">2774 1012<\/a><br \/>\nBr\u00e9sil: <a href=\"tel:\/\/(11)%203958-3801\">(11) 3958-3801<\/a><br \/>\nCor\u00e9e: <a href=\"tel:\/\/070-7010-9443\">070-7010-9443<\/a><\/p>\n<p>Par courriel<br \/>\nInscription et informations sur nos cours en ligne:<br \/>\n<a href=\"mailto:advisor@highwaytoenglish.com\">advisor@highwaytoenglish.com<\/a><br \/>\nVous \u00e9prouvez des probl\u00e8mes techniques? Contactez un repr\u00e9sentant du soutien technique:<br \/>\n<a href=\"mailto:support@highwaytoenglish.com\">support@highwaytoenglish.com<\/a><br \/>\nEntrez en contact avec un repr\u00e9sentant du Service Client\u00e8le au sujet de votre classe:<br \/>\n<a href=\"mailto:service@highwaytoenglish.com\">service@highwaytoenglish.com<\/a><\/p>\n<p>&nbsp;<\/p>\n<p>&nbsp;<\/p>\n<h3>D\u00e9veloppement Commercial et Commercialisation<\/h3>\n<p>Partenariats<br \/>\n<a href=\"mailto:marketing@highwaytoenglish.com\" target=\"_blank\" rel=\"noopener\">marketing@highwaytoenglish.com<\/a><br \/>\npour des collaborations commerciales et affiliations.<\/p>\n<p>DEMANDE DE RENSEIGNEMENTS SUR LA SOCIETE<br \/>\nAppelez-nous \u00a0au + 1-646-7129343 pour un rapport ou \u00e9crivez-nous \u00e0 \u00a0<a href=\"mailto:marketing@highwaytoenglish.com\">marketing@highwaytoenglish.com<\/a> pour une demande d&rsquo;information<\/p>\n<p>&nbsp;<\/p>\n","protected":false},"excerpt":{"rendered":"<p>Inscriptions et Service Client\u00e8le: Par t\u00e9l\u00e9phone Num\u00e9ro sans frais \u00e0 partir des \u00c9tats-Unis\/Mondial:16467129343 France: 33756798471 Russie: 2774 1012 Br\u00e9sil: (11) 3958-3801 Cor\u00e9e: 070-7010-9443 Par courriel Inscription et informations sur nos cours en ligne: advisor@highwaytoenglish.com Vous \u00e9prouvez des probl\u00e8mes techniques? Contactez un repr\u00e9sentant du soutien technique: support@highwaytoenglish.com Entrez en contact avec un repr\u00e9sentant du Service Client\u00e8le &hellip; <a href=\"https:\/\/www.highwaytoenglish.com\/fr\/contactez-nous\/\">Continued<\/a><\/p>\n","protected":false},"author":18,"featured_media":383,"parent":0,"menu_order":0,"comment_status":"open","ping_status":"open","template":"template-contactus.php","meta":{"_acf_changed":false,"inline_featured_image":false,"jetpack_post_was_ever_published":false,"footnotes":""},"class_list":["post-1673","page","type-page","status-publish","has-post-thumbnail","hentry"],"acf":[],"jetpack_sharing_enabled":true,"jetpack_shortlink":"https:\/\/wp.me\/P9ktSV-qZ","_links":{"self":[{"href":"https:\/\/www.highwaytoenglish.com\/fr\/wp-json\/wp\/v2\/pages\/1673","targetHints":{"allow":["GET"]}}],"collection":[{"href":"https:\/\/www.highwaytoenglish.com\/fr\/wp-json\/wp\/v2\/pages"}],"about":[{"href":"https:\/\/www.highwaytoenglish.com\/fr\/wp-json\/wp\/v2\/types\/page"}],"author":[{"embeddable":true,"href":"https:\/\/www.highwaytoenglish.com\/fr\/wp-json\/wp\/v2\/users\/18"}],"replies":[{"embeddable":true,"href":"https:\/\/www.highwaytoenglish.com\/fr\/wp-json\/wp\/v2\/comments?post=1673"}],"version-history":[{"count":0,"href":"https:\/\/www.highwaytoenglish.com\/fr\/wp-json\/wp\/v2\/pages\/1673\/revisions"}],"wp:featuredmedia":[{"embeddable":true,"href":"https:\/\/www.highwaytoenglish.com\/fr\/wp-json\/wp\/v2\/media\/383"}],"wp:attachment":[{"href":"https:\/\/www.highwaytoenglish.com\/fr\/wp-json\/wp\/v2\/media?parent=1673"}],"curies":[{"name":"wp","href":"https:\/\/api.w.org\/{rel}","templated":true}]}}