{"id":688,"date":"2015-11-16T09:26:56","date_gmt":"2015-11-16T09:26:56","guid":{"rendered":"https:\/\/highwaytoenglish.com\/pt\/?page_id=688"},"modified":"2018-01-08T07:42:25","modified_gmt":"2018-01-08T07:42:25","slug":"sobre","status":"publish","type":"page","link":"https:\/\/www.highwaytoenglish.com\/pt-br\/sobre\/","title":{"rendered":"Sobre"},"content":{"rendered":"<p>Na Highway to English trabalhamos com excelentes professores e pedagogos para desenvolver materiais did\u00e1ticos de ingl\u00eas para os nossos alunos. Nosso programa de Ingl\u00eas tem 5 n\u00edveis diferentes, cada um com curr\u00edculo pr\u00f3prio e conjunto de cursos criados especialmente para guiar os nossos alunos desde o n\u00edvel iniciante at\u00e9 o n\u00edvel profissional.<\/p>\n<p>&nbsp;<\/p>\n<p>Todos os cursos s\u00e3o lecionados em grupos pequenos por nossos professores nos Estados Unidos. As aulas acontecem atrav\u00e9s de v\u00eddeo ao vivo e os alunos podem interagir em tempo real para fazer perguntas e receber toda a ajuda necess\u00e1ria para aprender.<\/p>\n<p>&nbsp;<\/p>\n<p>Fornecemos aos nossos alunos os melhores m\u00e9todos dispon\u00edveis para aprender ingl\u00eas, para que eles possam aprender no tempo livre, do conforto das suas casas e observar resultados imediatos em suas carreiras.<\/p>\n<h2>Professores Americanos Certificados<\/h2>\n<p>Para garantir que os nossos alunos t\u00eam o melhor n\u00edvel poss\u00edvel, nossos professores s\u00e3o todos americanos. Al\u00e9m disso, todos os nossos professores t\u00eam experi\u00eancia no ensino de ingl\u00eas para estrangeiros e o fazem com paix\u00e3o.<br \/>\nIsso garante que os nossos alunos tenham toda a ajuda e ferramentas necess\u00e1rias para aprender ingl\u00eas eficientemente.<\/p>\n","protected":false},"excerpt":{"rendered":"<p>Na Highway to English trabalhamos com excelentes professores e pedagogos para desenvolver materiais did\u00e1ticos de ingl\u00eas para os nossos alunos. Nosso programa de Ingl\u00eas tem 5 n\u00edveis diferentes, cada um com curr\u00edculo pr\u00f3prio e conjunto de cursos criados especialmente para guiar os nossos alunos desde o n\u00edvel iniciante at\u00e9 o n\u00edvel profissional. &nbsp; Todos os &hellip; <a href=\"https:\/\/www.highwaytoenglish.com\/pt-br\/sobre\/\">Continued<\/a><\/p>\n","protected":false},"author":22,"featured_media":0,"parent":0,"menu_order":0,"comment_status":"open","ping_status":"open","template":"","meta":{"_acf_changed":false,"inline_featured_image":false,"jetpack_post_was_ever_published":false,"footnotes":""},"class_list":["post-688","page","type-page","status-publish","hentry"],"acf":[],"jetpack_sharing_enabled":true,"jetpack_shortlink":"https:\/\/wp.me\/P9ktSV-b6","_links":{"self":[{"href":"https:\/\/www.highwaytoenglish.com\/pt-br\/wp-json\/wp\/v2\/pages\/688","targetHints":{"allow":["GET"]}}],"collection":[{"href":"https:\/\/www.highwaytoenglish.com\/pt-br\/wp-json\/wp\/v2\/pages"}],"about":[{"href":"https:\/\/www.highwaytoenglish.com\/pt-br\/wp-json\/wp\/v2\/types\/page"}],"author":[{"embeddable":true,"href":"https:\/\/www.highwaytoenglish.com\/pt-br\/wp-json\/wp\/v2\/users\/22"}],"replies":[{"embeddable":true,"href":"https:\/\/www.highwaytoenglish.com\/pt-br\/wp-json\/wp\/v2\/comments?post=688"}],"version-history":[{"count":0,"href":"https:\/\/www.highwaytoenglish.com\/pt-br\/wp-json\/wp\/v2\/pages\/688\/revisions"}],"wp:attachment":[{"href":"https:\/\/www.highwaytoenglish.com\/pt-br\/wp-json\/wp\/v2\/media?parent=688"}],"curies":[{"name":"wp","href":"https:\/\/api.w.org\/{rel}","templated":true}]}}